{"id":1248,"date":"2025-03-10T17:24:36","date_gmt":"2025-03-10T16:24:36","guid":{"rendered":"https:\/\/goldenvisa24.com\/?page_id=1248"},"modified":"2025-04-24T15:32:43","modified_gmt":"2025-04-24T13:32:43","slug":"vaka-calismalari","status":"publish","type":"page","link":"https:\/\/goldenvisa24.com\/tr\/vaka-calismalari\/","title":{"rendered":"Vaka \u00e7al\u0131\u015fmalar\u0131"},"content":{"rendered":"\t\t<div data-elementor-type=\"wp-page\" data-elementor-id=\"1248\" class=\"elementor elementor-1248 elementor-830\" data-elementor-settings=\"{&quot;element_pack_global_tooltip_width&quot;:{&quot;unit&quot;:&quot;px&quot;,&quot;size&quot;:&quot;&quot;,&quot;sizes&quot;:[]},&quot;element_pack_global_tooltip_width_tablet_extra&quot;:{&quot;unit&quot;:&quot;px&quot;,&quot;size&quot;:&quot;&quot;,&quot;sizes&quot;:[]},&quot;element_pack_global_tooltip_width_tablet&quot;:{&quot;unit&quot;:&quot;px&quot;,&quot;size&quot;:&quot;&quot;,&quot;sizes&quot;:[]},&quot;element_pack_global_tooltip_width_mobile&quot;:{&quot;unit&quot;:&quot;px&quot;,&quot;size&quot;:&quot;&quot;,&quot;sizes&quot;:[]},&quot;element_pack_global_tooltip_padding&quot;:{&quot;unit&quot;:&quot;px&quot;,&quot;top&quot;:&quot;&quot;,&quot;right&quot;:&quot;&quot;,&quot;bottom&quot;:&quot;&quot;,&quot;left&quot;:&quot;&quot;,&quot;isLinked&quot;:true},&quot;element_pack_global_tooltip_padding_tablet_extra&quot;:{&quot;unit&quot;:&quot;px&quot;,&quot;top&quot;:&quot;&quot;,&quot;right&quot;:&quot;&quot;,&quot;bottom&quot;:&quot;&quot;,&quot;left&quot;:&quot;&quot;,&quot;isLinked&quot;:true},&quot;element_pack_global_tooltip_padding_tablet&quot;:{&quot;unit&quot;:&quot;px&quot;,&quot;top&quot;:&quot;&quot;,&quot;right&quot;:&quot;&quot;,&quot;bottom&quot;:&quot;&quot;,&quot;left&quot;:&quot;&quot;,&quot;isLinked&quot;:true},&quot;element_pack_global_tooltip_padding_mobile&quot;:{&quot;unit&quot;:&quot;px&quot;,&quot;top&quot;:&quot;&quot;,&quot;right&quot;:&quot;&quot;,&quot;bottom&quot;:&quot;&quot;,&quot;left&quot;:&quot;&quot;,&quot;isLinked&quot;:true},&quot;element_pack_global_tooltip_border_radius&quot;:{&quot;unit&quot;:&quot;px&quot;,&quot;top&quot;:&quot;&quot;,&quot;right&quot;:&quot;&quot;,&quot;bottom&quot;:&quot;&quot;,&quot;left&quot;:&quot;&quot;,&quot;isLinked&quot;:true},&quot;element_pack_global_tooltip_border_radius_tablet_extra&quot;:{&quot;unit&quot;:&quot;px&quot;,&quot;top&quot;:&quot;&quot;,&quot;right&quot;:&quot;&quot;,&quot;bottom&quot;:&quot;&quot;,&quot;left&quot;:&quot;&quot;,&quot;isLinked&quot;:true},&quot;element_pack_global_tooltip_border_radius_tablet&quot;:{&quot;unit&quot;:&quot;px&quot;,&quot;top&quot;:&quot;&quot;,&quot;right&quot;:&quot;&quot;,&quot;bottom&quot;:&quot;&quot;,&quot;left&quot;:&quot;&quot;,&quot;isLinked&quot;:true},&quot;element_pack_global_tooltip_border_radius_mobile&quot;:{&quot;unit&quot;:&quot;px&quot;,&quot;top&quot;:&quot;&quot;,&quot;right&quot;:&quot;&quot;,&quot;bottom&quot;:&quot;&quot;,&quot;left&quot;:&quot;&quot;,&quot;isLinked&quot;:true}}\" data-elementor-post-type=\"page\">\n\t\t\t\t<div class=\"elementor-element elementor-element-f05ec3a e-flex e-con-boxed e-con e-parent\" data-id=\"f05ec3a\" data-element_type=\"container\" data-e-type=\"container\" data-settings=\"{&quot;background_background&quot;:&quot;classic&quot;}\">\n\t\t\t\t\t<div class=\"e-con-inner\">\n\t\t\t\t<div class=\"elementor-element elementor-element-6aab26b elementor-invisible elementor-widget elementor-widget-heading\" data-id=\"6aab26b\" data-element_type=\"widget\" data-e-type=\"widget\" data-settings=\"{&quot;_animation&quot;:&quot;fadeInLeft&quot;}\" data-widget_type=\"heading.default\">\n\t\t\t\t\t<h1 class=\"elementor-heading-title elementor-size-default\">VAKA \u00c7ALI\u015eMASI:<\/h1>\t\t\t\t<\/div>\n\t\t\t\t\t<\/div>\n\t\t\t\t<\/div>\n\t\t<div class=\"elementor-element elementor-element-6871dcd e-flex e-con-boxed e-con e-parent\" data-id=\"6871dcd\" data-element_type=\"container\" data-e-type=\"container\">\n\t\t\t\t\t<div class=\"e-con-inner\">\n\t\t<div class=\"elementor-element elementor-element-a664677 e-con-full e-flex e-con e-child\" data-id=\"a664677\" data-element_type=\"container\" data-e-type=\"container\">\n\t\t\t\t<div class=\"elementor-element elementor-element-4333d71 elementor-invisible elementor-widget elementor-widget-heading\" data-id=\"4333d71\" data-element_type=\"widget\" data-e-type=\"widget\" data-settings=\"{&quot;_animation&quot;:&quot;fadeInUp&quot;}\" data-widget_type=\"heading.default\">\n\t\t\t\t\t<h2 class=\"elementor-heading-title elementor-size-default\">Dubai'li Bir Ailenin Alt\u0131n Vize Yolculu\u011fu<\/h2>\t\t\t\t<\/div>\n\t\t\t\t<\/div>\n\t\t<div class=\"elementor-element elementor-element-285126c e-con-full e-flex e-con e-child\" data-id=\"285126c\" data-element_type=\"container\" data-e-type=\"container\">\n\t\t\t\t<div class=\"elementor-element elementor-element-30de695 elementor-widget elementor-widget-text-editor\" data-id=\"30de695\" data-element_type=\"widget\" data-e-type=\"widget\" data-widget_type=\"text-editor.default\">\n\t\t\t\t\t\t\t\t\t<p><strong>Arka Plan<\/strong><br \/>Dubai&#8217;den zengin bir i\u015f ailesi olan Al-Farsi ailesi, Avrupa Birli\u011fi genelinde daha fazla seyahat \u00f6zg\u00fcrl\u00fc\u011f\u00fc aray\u0131\u015f\u0131 i\u00e7indeydi. Birle\u015fik Arap Emirlikleri ve \u00f6tesinde bir\u00e7ok ticari faaliyete sahip olan aile, Schengen \u00fclkelerine vizesiz eri\u015fim sa\u011flamak i\u00e7in yat\u0131r\u0131m temelli ikamet programlar\u0131n\u0131 ara\u015ft\u0131rd\u0131. Yunanistan\u2019\u0131n Alt\u0131n Vize program\u0131, uygun fiyat\u0131 ve esnekli\u011fi nedeniyle cazip bir se\u00e7enek olarak \u00f6ne \u00e7\u0131kt\u0131.<\/p><p><strong>Yat\u0131r\u0131m ve Ba\u015fvuru S\u00fcreci<\/strong><br \/>Al-Farsi ailesi, Yunanistan\u2019da bir l\u00fcks villa i\u00e7in 500.000 \u20ac yat\u0131r\u0131m yaparak Yunan ikametgah\u0131n\u0131 g\u00fcvence alt\u0131na ald\u0131. Ba\u015fvuru s\u00fcre\u00e7leri \u015funlar\u0131 i\u00e7eriyordu:<\/p><ol><li><strong>Emlak Se\u00e7imi<\/strong>: Y\u00fcksek de\u011ferli bir m\u00fclk\u00fc, kiralama geliri elde etmek amac\u0131yla pop\u00fcler bir turistik destinasyonda sat\u0131n ald\u0131lar.<\/li><li><strong>Hukuki ve Finansal D\u00fczenlemeler<\/strong>: Yunanistan&#8217;daki \u00f6nde gelen hukuk firmalar\u0131yla \u00e7al\u0131\u015farak, ikamet gereksinimlerine uyumu sa\u011flad\u0131lar.<\/li><li><strong>Alt\u0131n Vize Onay\u0131<\/strong>: Ba\u015fvurular\u0131 verimli bir \u015fekilde i\u015flendi ve onlara be\u015f y\u0131l s\u00fcreyle yenilenebilir ikamet izinleri verildi.<\/li><\/ol><p><strong><br \/>Alt\u0131n Vizenin Avantajlar\u0131<\/strong><\/p><p>\u00a0<\/p><ul><li><strong>Vizesiz Seyahat<\/strong>: \u015eu anda Schengen B\u00f6lgesi&#8217;nde s\u0131n\u0131rs\u0131z seyahatin tad\u0131n\u0131 \u00e7\u0131kar\u0131yorlar.<\/li><li><strong>\u0130\u015f Geni\u015flemesi<\/strong>: \u0130kamet, onlara AB i\u00e7indeki yat\u0131r\u0131m f\u0131rsatlar\u0131n\u0131 ke\u015ffetme imk\u00e2n\u0131 tan\u0131yor.<\/li><li><strong>Gelecekteki Vatanda\u015fl\u0131k Olanaklar\u0131<\/strong>: Ba\u015flang\u0131\u00e7ta vatanda\u015fl\u0131k almamay\u0131 planlamasalar da, uzun vadede Yunan vatanda\u015fl\u0131\u011f\u0131 d\u00fc\u015f\u00fcnmektedirler.<\/li><\/ul><p><strong>Sonu\u00e7<\/strong><br \/>Al-Farsi ailesi, Yunanistan\u2019\u0131n Alt\u0131n Vize program\u0131n\u0131n bireylere ve ailelere nas\u0131l farkl\u0131 f\u0131rsatlar sundu\u011funu g\u00f6steriyor\u2014kariyer geli\u015fiminden k\u00fcresel hareketlili\u011fin art\u0131r\u0131lmas\u0131na kadar. Stratejik yat\u0131r\u0131mlar\u0131, onlara uzun vadeli faydalar ve Avrupa&#8217;da sa\u011flam bir yer edinme imk\u00e2n\u0131 sa\u011flam\u0131\u015ft\u0131r.<\/p>\t\t\t\t\t\t\t\t<\/div>\n\t\t\t\t<\/div>\n\t\t<div class=\"elementor-element elementor-element-28fddc7 e-con-full e-flex e-con e-child\" data-id=\"28fddc7\" data-element_type=\"container\" data-e-type=\"container\">\n\t\t\t\t<div class=\"elementor-element elementor-element-5b30d96 elementor-widget elementor-widget-image\" data-id=\"5b30d96\" data-element_type=\"widget\" data-e-type=\"widget\" data-widget_type=\"image.default\">\n\t\t\t\t\t\t\t\t\t\t\t\t\t\t\t<img fetchpriority=\"high\" decoding=\"async\" width=\"683\" height=\"1024\" src=\"https:\/\/goldenvisa24.com\/wp-content\/uploads\/2025\/03\/cost_section-800x1200-1-683x1024.jpg\" class=\"attachment-large size-large wp-image-878\" alt=\"\" srcset=\"https:\/\/goldenvisa24.com\/wp-content\/uploads\/2025\/03\/cost_section-800x1200-1-683x1024.jpg 683w, https:\/\/goldenvisa24.com\/wp-content\/uploads\/2025\/03\/cost_section-800x1200-1-200x300.jpg 200w, https:\/\/goldenvisa24.com\/wp-content\/uploads\/2025\/03\/cost_section-800x1200-1-768x1152.jpg 768w, https:\/\/goldenvisa24.com\/wp-content\/uploads\/2025\/03\/cost_section-800x1200-1.jpg 800w\" sizes=\"(max-width: 683px) 100vw, 683px\" \/>\t\t\t\t\t\t\t\t\t\t\t\t\t\t\t<\/div>\n\t\t\t\t<\/div>\n\t\t\t\t\t<\/div>\n\t\t\t\t<\/div>\n\t\t<div class=\"elementor-element elementor-element-3254586 e-flex e-con-boxed e-con e-parent\" data-id=\"3254586\" data-element_type=\"container\" data-e-type=\"container\">\n\t\t\t\t\t<div class=\"e-con-inner\">\n\t\t<div class=\"elementor-element elementor-element-d578c27 e-con-full e-flex e-con e-child\" data-id=\"d578c27\" data-element_type=\"container\" data-e-type=\"container\">\n\t\t\t\t<div class=\"elementor-element elementor-element-317d60e elementor-invisible elementor-widget elementor-widget-heading\" data-id=\"317d60e\" data-element_type=\"widget\" data-e-type=\"widget\" data-settings=\"{&quot;_animation&quot;:&quot;fadeInUp&quot;}\" data-widget_type=\"heading.default\">\n\t\t\t\t\t<h2 class=\"elementor-heading-title elementor-size-default\">Bir Hintli \u00d6\u011frencinin Alt\u0131n Vize Program\u0131 ile Yunanistan Vatanda\u015fl\u0131\u011f\u0131na Yolculu\u011fu<\/h2>\t\t\t\t<\/div>\n\t\t\t\t<\/div>\n\t\t<div class=\"elementor-element elementor-element-7b25d17 e-con-full e-flex e-con e-child\" data-id=\"7b25d17\" data-element_type=\"container\" data-e-type=\"container\">\n\t\t\t\t<div class=\"elementor-element elementor-element-953a7c9 elementor-widget elementor-widget-image\" data-id=\"953a7c9\" data-element_type=\"widget\" data-e-type=\"widget\" data-widget_type=\"image.default\">\n\t\t\t\t\t\t\t\t\t\t\t\t\t\t\t<img decoding=\"async\" width=\"683\" height=\"1024\" src=\"https:\/\/goldenvisa24.com\/wp-content\/uploads\/2025\/03\/cost_section_2-800x1200-1-683x1024.jpg\" class=\"attachment-large size-large wp-image-866\" alt=\"\" srcset=\"https:\/\/goldenvisa24.com\/wp-content\/uploads\/2025\/03\/cost_section_2-800x1200-1-683x1024.jpg 683w, https:\/\/goldenvisa24.com\/wp-content\/uploads\/2025\/03\/cost_section_2-800x1200-1-200x300.jpg 200w, https:\/\/goldenvisa24.com\/wp-content\/uploads\/2025\/03\/cost_section_2-800x1200-1-768x1152.jpg 768w, https:\/\/goldenvisa24.com\/wp-content\/uploads\/2025\/03\/cost_section_2-800x1200-1.jpg 800w\" sizes=\"(max-width: 683px) 100vw, 683px\" \/>\t\t\t\t\t\t\t\t\t\t\t\t\t\t\t<\/div>\n\t\t\t\t<\/div>\n\t\t<div class=\"elementor-element elementor-element-f4395e3 e-con-full e-flex e-con e-child\" data-id=\"f4395e3\" data-element_type=\"container\" data-e-type=\"container\">\n\t\t\t\t<div class=\"elementor-element elementor-element-a5ee2c0 elementor-widget elementor-widget-text-editor\" data-id=\"a5ee2c0\" data-element_type=\"widget\" data-e-type=\"widget\" data-widget_type=\"text-editor.default\">\n\t\t\t\t\t\t\t\t\t<p><strong>Arka Plan<\/strong><br \/>Hindistan&#8217;\u0131n Mumbai \u015fehrinden 26 ya\u015f\u0131nda bir \u00f6\u011frenci olan Rohan Mehta, Avrupa&#8217;da ba\u015far\u0131l\u0131 bir uluslararas\u0131 kariyer in\u015fa etmeyi hedefliyordu. Finans ve teknoloji alanlar\u0131nda bir ge\u00e7mi\u015fe sahip olan Rohan, Yunanistan&#8217;\u0131n ba\u015fkenti Atina&#8217;daki prestijli bir \u00fcniversiteden \u0130\u015fletme Analiti\u011fi y\u00fcksek lisans\u0131n\u0131 yapt\u0131. E\u011fitim s\u00fcrecinde, mezuniyet sonras\u0131nda Yunanistan&#8217;da yasal olarak kalmak ve \u00e7al\u0131\u015fmak i\u00e7in \u00e7e\u015fitli se\u00e7enekler ara\u015ft\u0131rd\u0131 ve Yunanistan\u2019\u0131n Alt\u0131n Vize program\u0131n\u0131 ke\u015ffetti. Bu program, gayrimenkul yat\u0131r\u0131mlar\u0131 kar\u015f\u0131l\u0131\u011f\u0131nda yat\u0131r\u0131mc\u0131lara ikamet izni sa\u011flamaktad\u0131r.<\/p><p><strong>Alt\u0131n Vize Ba\u015fvurusuna Karar Verme<\/strong><br \/>Detayl\u0131 ara\u015ft\u0131rmalar\u0131n ard\u0131ndan, Rohan Yunanistan\u2019\u0131n Alt\u0131n Vize program\u0131n\u0131n kendisi i\u00e7in en iyi yol oldu\u011funa karar verdi. Geleneksel \u00e7al\u0131\u015fma vizelerinin aksine, i\u015fveren sponsorluk gerektirmeyen Alt\u0131n Vize, gayrimenkul yat\u0131r\u0131m\u0131 yoluyla ikamet izni sa\u011flar ve uzun vadeli yerle\u015fim ve nihai vatanda\u015fl\u0131k olas\u0131l\u0131\u011f\u0131 sunar.<\/p><p><strong>Yat\u0131r\u0131m ve Ba\u015fvuru S\u00fcreci<\/strong><br \/>Rohan, ailesinin finansal deste\u011fi ile Atina&#8217;da modern bir daireye 250.000 \u20ac yat\u0131r\u0131m yapt\u0131. Ba\u015fvuru s\u00fcrecini sorunsuz bir \u015fekilde y\u00f6netebilmek i\u00e7in hukuki ve mali dan\u0131\u015fmanlar tuttu. Temel ad\u0131mlar \u015funlard\u0131:<\/p><ol><li><strong>Emlak Se\u00e7imi ve Sat\u0131n Al\u0131m\u0131<\/strong>: Gelecekteki kazan\u00e7lar\u0131 maksimize etmek i\u00e7in h\u0131zl\u0131 b\u00fcy\u00fcyen bir b\u00f6lgede bir emlak se\u00e7ti.<\/li><li><strong>Ba\u015fvurunun Yap\u0131lmas\u0131<\/strong>: Gerekli belgeleri sa\u011flad\u0131, bunlar aras\u0131nda fon kan\u0131t\u0131, temiz sab\u0131ka kayd\u0131 ve sa\u011fl\u0131k sigortas\u0131 yer al\u0131yordu.<\/li><li><strong>Alt\u0131n Vize Al\u0131m\u0131<\/strong>: Birka\u00e7 ay i\u00e7inde ba\u015fvurusu onayland\u0131 ve ona be\u015f y\u0131ll\u0131k yenilenebilir ikamet izni verildi.<\/li><\/ol><p><strong>\u00a0<\/strong><\/p><p><strong>Yunanistan\u2019da Ya\u015famak ve \u00c7al\u0131\u015fmak<\/strong><br \/>\u0130kamet izni sa\u011fland\u0131\u011f\u0131nda, Rohan, Atina&#8217;da bir \u00e7ok uluslu \u015firkette veri analisti olarak \u00e7al\u0131\u015fmaya ba\u015flad\u0131. Alt\u0131n Vize, do\u011frudan bir \u00e7al\u0131\u015fma izni sa\u011flamaz, ancak bir serbest \u00e7al\u0131\u015fan ve uzaktan dan\u0131\u015fman olarak, yasal olarak Avrupa Birli\u011fi i\u00e7indeki uluslararas\u0131 m\u00fc\u015fteriler ve \u015firketlerle \u00e7al\u0131\u015ft\u0131.<\/p><p><strong>Vatanda\u015fl\u0131k Yolunda<\/strong><br \/>Yunanistan, s\u00fcrekli ikamet edenlerin yedi y\u0131l boyunca kesintisiz yasal ikamet sonras\u0131nda vatanda\u015fl\u0131k ba\u015fvurusu yapmalar\u0131na izin verir. Rohan, vatanda\u015fl\u0131k yolunu stratejik olarak planlad\u0131:<\/p><ul><li><strong>Yunan Toplumuna Entegrasyon<\/strong>: Yerel k\u00fclt\u00fcre aktif olarak kat\u0131ld\u0131, Yunan dilini \u00f6\u011frendi ve toplum faaliyetlerine kat\u0131ld\u0131.<\/li><li><strong>Mesleki Geli\u015fim<\/strong>: Kariyerinde ilerledi, Yunan ekonomisine katk\u0131 sa\u011flad\u0131 ve vatanda\u015fl\u0131k i\u00e7in ba\u015fvurusunu g\u00fc\u00e7lendirdi.<\/li><li><strong>Vatanda\u015fl\u0131k Gereksinimlerini Kar\u015f\u0131lama<\/strong>: \u0130kamet gereksinimlerine, vergi y\u00fck\u00fcml\u00fcl\u00fcklerine ve vatanda\u015fl\u0131k i\u00e7in yasal kriterlere uyumu sa\u011flad\u0131.<\/li><\/ul><p>\u00a0<\/p><p><strong>Gelecek Beklentileri<\/strong><br \/>2030 y\u0131l\u0131na kadar, Rohan Yunan vatanda\u015fl\u0131\u011f\u0131n\u0131 elde etmeyi hedefliyor ve bu, ona Avrupa&#8217;da \u00f6zg\u00fcrce ya\u015fama ve \u00e7al\u0131\u015fma imk\u00e2n\u0131 sunan bir AB pasaportu sa\u011flayacak. Onun yolculu\u011fu, uluslararas\u0131 \u00f6\u011frencilerin yat\u0131r\u0131m temelli ikamet programlar\u0131n\u0131 Avrupa\u2019da uzun vadeli yerle\u015fim ve kariyer geli\u015fimi i\u00e7in nas\u0131l kullanabileceklerini \u00f6rnekliyor.<\/p><p><strong>Sonu\u00e7<\/strong><br \/>Rohan&#8217;\u0131n durumu, Yunanistan\u2019\u0131n Alt\u0131n Vize program\u0131n\u0131n \u00f6\u011frencilere ve profesyonellere Avrupa vatanda\u015fl\u0131\u011f\u0131na giden bir yol olarak uygulanabilirli\u011fini vurgulamaktad\u0131r. Yat\u0131r\u0131m\u0131n\u0131, entegrasyonunu ve kariyerini stratejik olarak planlayarak, Yunan vatanda\u015f\u0131 olma hayalini ger\u00e7ekle\u015ftirmek ve \u00fclkenin ekonomisine katk\u0131da bulunmak i\u00e7in do\u011fru yolda ilerlemektedir.<strong><br \/><\/strong><\/p>\t\t\t\t\t\t\t\t<\/div>\n\t\t\t\t<\/div>\n\t\t\t\t\t<\/div>\n\t\t\t\t<\/div>\n\t\t\t\t<\/div>\n\t\t","protected":false},"excerpt":{"rendered":"<p>VAKA \u00c7ALI\u015eMASI: Dubai&#8217;li Bir Ailenin Alt\u0131n Vize Yolculu\u011fu Arka PlanDubai&#8217;den zengin bir i\u015f ailesi olan Al-Farsi ailesi, Avrupa Birli\u011fi genelinde daha fazla seyahat \u00f6zg\u00fcrl\u00fc\u011f\u00fc aray\u0131\u015f\u0131 i\u00e7indeydi. Birle\u015fik Arap Emirlikleri ve \u00f6tesinde bir\u00e7ok ticari faaliyete sahip olan aile, Schengen \u00fclkelerine vizesiz eri\u015fim sa\u011flamak i\u00e7in yat\u0131r\u0131m temelli ikamet programlar\u0131n\u0131 ara\u015ft\u0131rd\u0131. Yunanistan\u2019\u0131n Alt\u0131n Vize program\u0131, uygun fiyat\u0131 ve [&hellip;]<\/p>\n","protected":false},"author":3,"featured_media":0,"parent":0,"menu_order":0,"comment_status":"closed","ping_status":"closed","template":"","meta":{"footnotes":""},"class_list":["post-1248","page","type-page","status-publish","hentry"],"_links":{"self":[{"href":"https:\/\/goldenvisa24.com\/tr\/wp-json\/wp\/v2\/pages\/1248","targetHints":{"allow":["GET"]}}],"collection":[{"href":"https:\/\/goldenvisa24.com\/tr\/wp-json\/wp\/v2\/pages"}],"about":[{"href":"https:\/\/goldenvisa24.com\/tr\/wp-json\/wp\/v2\/types\/page"}],"author":[{"embeddable":true,"href":"https:\/\/goldenvisa24.com\/tr\/wp-json\/wp\/v2\/users\/3"}],"replies":[{"embeddable":true,"href":"https:\/\/goldenvisa24.com\/tr\/wp-json\/wp\/v2\/comments?post=1248"}],"version-history":[{"count":0,"href":"https:\/\/goldenvisa24.com\/tr\/wp-json\/wp\/v2\/pages\/1248\/revisions"}],"wp:attachment":[{"href":"https:\/\/goldenvisa24.com\/tr\/wp-json\/wp\/v2\/media?parent=1248"}],"curies":[{"name":"wp","href":"https:\/\/api.w.org\/{rel}","templated":true}]}}